{"id":615,"date":"2023-06-28T17:21:48","date_gmt":"2023-06-28T17:21:48","guid":{"rendered":"http:\/\/nicolasdickstein.grisdigital.com.ar\/?page_id=615"},"modified":"2025-10-03T19:02:36","modified_gmt":"2025-10-03T19:02:36","slug":"acerca-de","status":"publish","type":"page","link":"https:\/\/dickstein-law.com\/es\/acerca-de\/","title":{"rendered":"acerca de"},"content":{"rendered":"<div data-elementor-type=\"wp-page\" data-elementor-id=\"615\" class=\"elementor elementor-615\" data-elementor-post-type=\"page\">\n\t\t\t\t<div data-particle_enable=\"false\" data-particle-mobile-disabled=\"false\" class=\"elementor-element elementor-element-101dd14 e-flex e-con-boxed e-con e-parent\" data-id=\"101dd14\" data-element_type=\"container\">\n\t\t\t\t\t<div class=\"e-con-inner\">\n\t\t\t\t<div class=\"elementor-element elementor-element-5ae1b2c9 elementor-widget elementor-widget-heading\" data-id=\"5ae1b2c9\" data-element_type=\"widget\" data-widget_type=\"heading.default\">\n\t\t\t\t<div class=\"elementor-widget-container\">\n\t\t\t\t\t<h1 class=\"elementor-heading-title elementor-size-default\">Acerca de<\/h1>\t\t\t\t<\/div>\n\t\t\t\t<\/div>\n\t\t\t\t\t<\/div>\n\t\t\t\t<\/div>\n\t\t<div data-particle_enable=\"false\" data-particle-mobile-disabled=\"false\" class=\"elementor-element elementor-element-6d8da9f e-flex e-con-boxed e-con e-parent\" data-id=\"6d8da9f\" data-element_type=\"container\">\n\t\t\t\t\t<div class=\"e-con-inner\">\n\t\t<div data-particle_enable=\"false\" data-particle-mobile-disabled=\"false\" class=\"elementor-element elementor-element-1100d5a e-grid e-con-full e-con e-child\" data-id=\"1100d5a\" data-element_type=\"container\">\n\t\t\t\t<div class=\"elementor-element elementor-element-4ce85057 elementor-widget elementor-widget-text-editor\" data-id=\"4ce85057\" data-element_type=\"widget\" data-widget_type=\"text-editor.default\">\n\t\t\t\t<div class=\"elementor-widget-container\">\n\t\t\t\t\t\t\t\t\t<p>El estudio jur\u00eddico Nicolas Dickstein es una firma de abogados boutique con amplia experiencia especializada en las \u00e1reas de la Responsabilidad Civil, Seguros, Bituaj Leumi, Misrad Habitajon y Mala Praxis M\u00e9dica. \n\nNuestro estudio ofrece a sus clientes una amplia gama de servicios legales, servicios de consultor\u00eda y representaci\u00f3n.<\/p><p>Nuestro estudio se destaca en la relaci\u00f3n interpersonal con el cliente, en la resoluci\u00f3n de conflictos en forma r\u00e1pida y eficaz. Teniendo siempre en cuenta el mejor resultado para el cliente.<\/p><p>Nuestro estudio revisa cada caso en particular, y es asistido por reputados especialistas m\u00e9dicos, que examinan la forma m\u00e1s eficaz y probable para obtener la m\u00e1xima indemnizaci\u00f3n.<\/p><p><b>\u00c1reas de Pr\u00e1ctica:<\/b>\nAccidentes de Trabajo, Accidentes de Tr\u00e1nsito, Bituaj Leumi, Mala Praxis M\u00e9dica, Da\u00f1os Fisicos, Seguros, Excencion de Impuesto a las Ganancias, Misrad Habitajon, Poder Continuo.<\/p>\t\t\t\t\t\t\t\t<\/div>\n\t\t\t\t<\/div>\n\t\t\t\t<div class=\"elementor-element elementor-element-232ba37 elementor-widget elementor-widget-image\" data-id=\"232ba37\" data-element_type=\"widget\" data-widget_type=\"image.default\">\n\t\t\t\t<div class=\"elementor-widget-container\">\n\t\t\t\t\t\t\t\t\t\t\t\t\t\t\t<img fetchpriority=\"high\" decoding=\"async\" width=\"1200\" height=\"1200\" src=\"https:\/\/dickstein-law.com\/wp-content\/uploads\/2025\/10\/Nicolas-Dickstein-e1759518067271.jpeg\" class=\"attachment-full size-full wp-image-1439\" alt=\"\" srcset=\"https:\/\/dickstein-law.com\/wp-content\/uploads\/2025\/10\/Nicolas-Dickstein-e1759518067271.jpeg 1200w, https:\/\/dickstein-law.com\/wp-content\/uploads\/2025\/10\/Nicolas-Dickstein-e1759518067271-300x300.jpeg 300w, https:\/\/dickstein-law.com\/wp-content\/uploads\/2025\/10\/Nicolas-Dickstein-e1759518067271-1024x1024.jpeg 1024w, https:\/\/dickstein-law.com\/wp-content\/uploads\/2025\/10\/Nicolas-Dickstein-e1759518067271-150x150.jpeg 150w, https:\/\/dickstein-law.com\/wp-content\/uploads\/2025\/10\/Nicolas-Dickstein-e1759518067271-768x768.jpeg 768w, https:\/\/dickstein-law.com\/wp-content\/uploads\/2025\/10\/Nicolas-Dickstein-e1759518067271-12x12.jpeg 12w\" sizes=\"(max-width: 1200px) 100vw, 1200px\" \/>\t\t\t\t\t\t\t\t\t\t\t\t\t\t\t<\/div>\n\t\t\t\t<\/div>\n\t\t\t\t<\/div>\n\t\t\t\t\t<\/div>\n\t\t\t\t<\/div>\n\t\t<div data-particle_enable=\"false\" data-particle-mobile-disabled=\"false\" class=\"elementor-element elementor-element-7e9be6ac e-con-full e-flex e-con e-parent\" data-id=\"7e9be6ac\" data-element_type=\"container\" data-settings=\"{&quot;background_background&quot;:&quot;classic&quot;}\">\n\t\t\t\t<div class=\"elementor-element elementor-element-3e47534e elementor-widget elementor-widget-heading\" data-id=\"3e47534e\" data-element_type=\"widget\" data-widget_type=\"heading.default\">\n\t\t\t\t<div class=\"elementor-widget-container\">\n\t\t\t\t\t<h1 class=\"elementor-heading-title elementor-size-default\">Pida una consulta<\/h1>\t\t\t\t<\/div>\n\t\t\t\t<\/div>\n\t\t\t\t<\/div>\n\t\t<div data-particle_enable=\"false\" data-particle-mobile-disabled=\"false\" class=\"elementor-element elementor-element-24df9e13 e-con-full e-flex e-con e-parent\" data-id=\"24df9e13\" data-element_type=\"container\" data-settings=\"{&quot;background_background&quot;:&quot;classic&quot;}\">\n\t\t<div data-particle_enable=\"false\" data-particle-mobile-disabled=\"false\" class=\"elementor-element elementor-element-492cc134 e-con-full e-flex e-con e-child\" data-id=\"492cc134\" data-element_type=\"container\" data-settings=\"{&quot;background_background&quot;:&quot;classic&quot;}\">\n\t\t\t\t<div class=\"elementor-element elementor-element-515e7112 elementor-widget elementor-widget-heading\" data-id=\"515e7112\" data-element_type=\"widget\" data-widget_type=\"heading.default\">\n\t\t\t\t<div class=\"elementor-widget-container\">\n\t\t\t\t\t<h1 class=\"elementor-heading-title elementor-size-default\">Contacto\n<\/h1>\t\t\t\t<\/div>\n\t\t\t\t<\/div>\n\t\t\t\t<div class=\"elementor-element elementor-element-6db05bb7 elementor-widget elementor-widget-heading\" data-id=\"6db05bb7\" data-element_type=\"widget\" data-widget_type=\"heading.default\">\n\t\t\t\t<div class=\"elementor-widget-container\">\n\t\t\t\t\t<p class=\"elementor-heading-title elementor-size-default\">Tel\u00e9fono: 058-5840084<br>email: office.dicksteinadv@gmail.com<br>Horario: domingo-jueves 09:00 - 18: 00<\/p>\t\t\t\t<\/div>\n\t\t\t\t<\/div>\n\t\t\t\t<\/div>\n\t\t<div data-particle_enable=\"false\" data-particle-mobile-disabled=\"false\" class=\"elementor-element elementor-element-722317d0 e-con-full e-flex e-con e-child\" data-id=\"722317d0\" data-element_type=\"container\">\n\t\t\t\t<div class=\"elementor-element elementor-element-776b8d9 elementor-button-align-start elementor-tablet-button-align-center elementor-widget elementor-widget-form\" data-id=\"776b8d9\" data-element_type=\"widget\" data-settings=\"{&quot;step_next_label&quot;:&quot;Next&quot;,&quot;step_previous_label&quot;:&quot;Previous&quot;,&quot;button_width&quot;:&quot;100&quot;,&quot;step_type&quot;:&quot;number_text&quot;,&quot;step_icon_shape&quot;:&quot;circle&quot;}\" data-widget_type=\"form.default\">\n\t\t\t\t<div class=\"elementor-widget-container\">\n\t\t\t\t\t\t\t<form class=\"elementor-form\" method=\"post\" name=\"Contact Form\" aria-label=\"Contact Form\" action=\"\">\n\t\t\t<input type=\"hidden\" name=\"post_id\" value=\"615\"\/>\n\t\t\t<input type=\"hidden\" name=\"form_id\" value=\"776b8d9\"\/>\n\t\t\t<input type=\"hidden\" name=\"referer_title\" value=\"acerca de\" \/>\n\n\t\t\t\t\t\t\t<input type=\"hidden\" name=\"queried_id\" value=\"615\"\/>\n\t\t\t\n\t\t\t<div class=\"elementor-form-fields-wrapper elementor-labels-\">\n\t\t\t\t\t\t\t\t<div class=\"elementor-field-type-text elementor-field-group elementor-column elementor-field-group-name elementor-col-50 elementor-field-required\">\n\t\t\t\t\t\t\t\t\t\t\t\t<label for=\"form-field-name\" class=\"elementor-field-label elementor-screen-only\">\n\t\t\t\t\t\t\t\tSu Nombre\t\t\t\t\t\t\t<\/label>\n\t\t\t\t\t\t\t\t\t\t\t\t\t\t<input size=\"1\" type=\"text\" name=\"form_fields[name]\" id=\"form-field-name\" class=\"elementor-field elementor-size-sm  elementor-field-textual\" placeholder=\"Su Nombre*\" required=\"required\">\n\t\t\t\t\t\t\t\t\t\t\t<\/div>\n\t\t\t\t\t\t\t\t<div class=\"elementor-field-type-text elementor-field-group elementor-column elementor-field-group-field_b743cd7 elementor-col-50 elementor-field-required\">\n\t\t\t\t\t\t\t\t\t\t\t\t<label for=\"form-field-field_b743cd7\" class=\"elementor-field-label elementor-screen-only\">\n\t\t\t\t\t\t\t\tApellido\t\t\t\t\t\t\t<\/label>\n\t\t\t\t\t\t\t\t\t\t\t\t\t\t<input size=\"1\" type=\"text\" name=\"form_fields[field_b743cd7]\" id=\"form-field-field_b743cd7\" class=\"elementor-field elementor-size-sm  elementor-field-textual\" placeholder=\"Apellido*\" required=\"required\">\n\t\t\t\t\t\t\t\t\t\t\t<\/div>\n\t\t\t\t\t\t\t\t<div class=\"elementor-field-type-tel elementor-field-group elementor-column elementor-field-group-field_6c180a9 elementor-col-50 elementor-field-required\">\n\t\t\t\t\t\t\t\t\t\t\t\t<label for=\"form-field-field_6c180a9\" class=\"elementor-field-label elementor-screen-only\">\n\t\t\t\t\t\t\t\tN\u00famero De Tel\u00e9fono\t\t\t\t\t\t\t<\/label>\n\t\t\t\t\t\t\t\t<input size=\"1\" type=\"tel\" name=\"form_fields[field_6c180a9]\" id=\"form-field-field_6c180a9\" class=\"elementor-field elementor-size-sm  elementor-field-textual\" placeholder=\"N\u00famero De Tel\u00e9fono*\" required=\"required\" pattern=\"[0-9()#&amp;+*-=.]+\" title=\"S\u00f3lo los n\u00fameros de tel\u00e9fono y de caracteres (#, -, *, etc) son aceptados.\" data-no-translation-title=\"\">\n\n\t\t\t\t\t\t<\/div>\n\t\t\t\t\t\t\t\t<div class=\"elementor-field-type-email elementor-field-group elementor-column elementor-field-group-email elementor-col-50 elementor-field-required\">\n\t\t\t\t\t\t\t\t\t\t\t\t<label for=\"form-field-email\" class=\"elementor-field-label elementor-screen-only\">\n\t\t\t\t\t\t\t\tCorreo electr\u00f3nico\t\t\t\t\t\t\t<\/label>\n\t\t\t\t\t\t\t\t\t\t\t\t\t\t<input size=\"1\" type=\"email\" name=\"form_fields[email]\" id=\"form-field-email\" class=\"elementor-field elementor-size-sm  elementor-field-textual\" placeholder=\"E-mail*\" required=\"required\">\n\t\t\t\t\t\t\t\t\t\t\t<\/div>\n\t\t\t\t\t\t\t\t<div class=\"elementor-field-type-textarea elementor-field-group elementor-column elementor-field-group-message elementor-col-100\">\n\t\t\t\t\t\t\t\t\t\t\t\t<label for=\"form-field-message\" class=\"elementor-field-label elementor-screen-only\">\n\t\t\t\t\t\t\t\tMensaje\t\t\t\t\t\t\t<\/label>\n\t\t\t\t\t\t<textarea class=\"elementor-field-textual elementor-field  elementor-size-sm\" name=\"form_fields[message]\" id=\"form-field-message\" rows=\"4\" placeholder=\"Mensaje\"><\/textarea>\t\t\t\t<\/div>\n\t\t\t\t\t\t\t\t<div class=\"elementor-field-group elementor-column elementor-field-type-submit elementor-col-100 e-form__buttons\">\n\t\t\t\t\t<button class=\"elementor-button elementor-size-sm\" type=\"submit\">\n\t\t\t\t\t\t<span class=\"elementor-button-content-wrapper\">\n\t\t\t\t\t\t\t\t\t\t\t\t\t\t\t\t\t\t\t\t\t\t<span class=\"elementor-button-text\">Enviar<\/span>\n\t\t\t\t\t\t\t\t\t\t\t\t\t<\/span>\n\t\t\t\t\t<\/button>\n\t\t\t\t<\/div>\n\t\t\t<\/div>\n\t\t<input type=\"hidden\" name=\"trp-form-language\" value=\"es\"\/><\/form>\n\t\t\t\t\t\t<\/div>\n\t\t\t\t<\/div>\n\t\t\t\t<\/div>\n\t\t\t\t<\/div>\n\t\t\t\t<\/div>","protected":false},"excerpt":{"rendered":"<p>\u05d0\u05d5\u05d3\u05d5\u05ea \u05de\u05e9\u05e8\u05d3 \u05e2\u05d5\u05e8\u05db\u05d9 \u05d3\u05d9\u05df \u05e0\u05d9\u05e7\u05d5\u05dc\u05e1 \u05d3\u05d9\u05e7\u05e9\u05d8\u05d9\u05d9\u05df \u05d4\u05d9\u05e0\u05d5 \u05de\u05e9\u05e8\u05d3 \u05d1\u05d5\u05d8\u05d9\u05e7 \u05d5\u05d1\u05e2\u05dc \u05e0\u05d9\u05e1\u05d9\u05d5\u05df \u05e2\u05e9\u05d9\u05e8 \u05d4\u05de\u05ea\u05de\u05d7\u05d4 \u05d1\u05ea\u05d7\u05d5\u05dd \u05d4\u05e0\u05d6\u05d9\u05e7\u05d9\u05df, \u05d1\u05d9\u05d8\u05d5\u05d7, \u05d1\u05d9\u05d8\u05d5\u05d7 \u05dc\u05d0\u05d5\u05de\u05d9, \u05de\u05e9\u05e8\u05d3 \u05d4\u05d1\u05d9\u05d8\u05d7\u05d5\u05df \u05d5\u05e8\u05e9\u05dc\u05e0\u05d5\u05ea \u05e8\u05e4\u05d5\u05d0\u05d9\u05ea. \u05de\u05e9\u05e8\u05d3\u05e0\u05d5 \u05de\u05e6\u05d9\u05e2 \u05dc\u05dc\u05e7\u05d5\u05d7\u05d5\u05ea\u05d9\u05d5 \u05de\u05d2\u05d5\u05d5\u05df \u05e8\u05d7\u05d1 \u05e9\u05dc \u05e9\u05d9\u05e8\u05d5\u05ea\u05d9\u05dd \u05de\u05e9\u05e4\u05d8\u05d9\u05d9\u05dd, \u05e9\u05d9\u05e8\u05d5\u05ea\u05d9 \u05d9\u05d9\u05e2\u05d5\u05e5 \u05d5\u05e9\u05d9\u05e8\u05d5\u05ea\u05d9 \u05d9\u05d9\u05e6\u05d5\u05d2 \u05de\u05db\u05d5\u05d5\u05e0\u05d9 \u05ea\u05d5\u05e6\u05d0\u05d5\u05ea. \u05de\u05e9\u05e8\u05d3\u05e0\u05d5 \u05de\u05e6\u05d8\u05d9\u05d9\u05df \u05d1\u05d9\u05d7\u05e1 \u05d4\u05d0\u05d9\u05e9\u05d9 \u05dc\u05dc\u05e7\u05d5\u05d7, \u05d1\u05d8\u05d9\u05e4\u05d5\u05dc \u05de\u05d4\u05d9\u05e8 \u05de\u05de\u05d5\u05e7\u05d3 \u05d5\u05d9\u05e1\u05d5\u05d3\u05d9, \u05d5\u05d1\u05de\u05d4 \u05e9\u05d4\u05db\u05d9 \u05d7\u05e9\u05d5\u05d1 &#8211; \u05d1\u05ea\u05d5\u05e6\u05d0\u05d5\u05ea \u05dc\u05de\u05e2\u05df \u05d4\u05dc\u05e7\u05d5\u05d7. \u05d4\u05de\u05d5\u05d8\u05d9\u05d1 \u05d4\u05de\u05e8\u05db\u05d6\u05d9 \u05e9\u05dc [&hellip;]<\/p>","protected":false},"author":1,"featured_media":0,"parent":0,"menu_order":0,"comment_status":"closed","ping_status":"closed","template":"","meta":{"_joinchat":[],"footnotes":""},"class_list":["post-615","page","type-page","status-publish","hentry"],"_links":{"self":[{"href":"https:\/\/dickstein-law.com\/es\/wp-json\/wp\/v2\/pages\/615","targetHints":{"allow":["GET"]}}],"collection":[{"href":"https:\/\/dickstein-law.com\/es\/wp-json\/wp\/v2\/pages"}],"about":[{"href":"https:\/\/dickstein-law.com\/es\/wp-json\/wp\/v2\/types\/page"}],"author":[{"embeddable":true,"href":"https:\/\/dickstein-law.com\/es\/wp-json\/wp\/v2\/users\/1"}],"replies":[{"embeddable":true,"href":"https:\/\/dickstein-law.com\/es\/wp-json\/wp\/v2\/comments?post=615"}],"version-history":[{"count":46,"href":"https:\/\/dickstein-law.com\/es\/wp-json\/wp\/v2\/pages\/615\/revisions"}],"predecessor-version":[{"id":1448,"href":"https:\/\/dickstein-law.com\/es\/wp-json\/wp\/v2\/pages\/615\/revisions\/1448"}],"wp:attachment":[{"href":"https:\/\/dickstein-law.com\/es\/wp-json\/wp\/v2\/media?parent=615"}],"curies":[{"name":"wp","href":"https:\/\/api.w.org\/{rel}","templated":true}]}}