{"id":792,"date":"2023-06-28T19:40:16","date_gmt":"2023-06-28T19:40:16","guid":{"rendered":"http:\/\/nicolasdickstein.grisdigital.com.ar\/?page_id=792"},"modified":"2025-10-29T18:50:39","modified_gmt":"2025-10-29T18:50:39","slug":"casos-de-exito","status":"publish","type":"page","link":"https:\/\/dickstein-law.com\/es\/casos-de-exito\/","title":{"rendered":"casos de \u00e9xito"},"content":{"rendered":"<div data-elementor-type=\"wp-page\" data-elementor-id=\"792\" class=\"elementor elementor-792\" data-elementor-post-type=\"page\">\n\t\t\t\t<div data-particle_enable=\"false\" data-particle-mobile-disabled=\"false\" class=\"elementor-element elementor-element-428c0e82 e-con-full e-flex e-con e-parent\" data-id=\"428c0e82\" data-element_type=\"container\" data-settings=\"{&quot;background_background&quot;:&quot;classic&quot;}\">\n\t\t\t\t<div class=\"elementor-element elementor-element-53e4e63f elementor-widget elementor-widget-heading\" data-id=\"53e4e63f\" data-element_type=\"widget\" data-widget_type=\"heading.default\">\n\t\t\t\t<div class=\"elementor-widget-container\">\n\t\t\t\t\t<h1 class=\"elementor-heading-title elementor-size-default\">Historias De \u00c9xito<\/h1>\t\t\t\t<\/div>\n\t\t\t\t<\/div>\n\t\t\t\t<\/div>\n\t\t<div data-particle_enable=\"false\" data-particle-mobile-disabled=\"false\" class=\"elementor-element elementor-element-a00f363 e-flex e-con-boxed e-con e-parent\" data-id=\"a00f363\" data-element_type=\"container\" data-settings=\"{&quot;background_background&quot;:&quot;classic&quot;}\">\n\t\t\t\t\t<div class=\"e-con-inner\">\n\t\t\t\t<div class=\"elementor-element elementor-element-8ce461c elementor-arrows-position-outside elementor-pagination-position-outside elementor-widget elementor-widget-image-carousel\" data-id=\"8ce461c\" data-element_type=\"widget\" data-settings=\"{&quot;slides_to_show&quot;:&quot;3&quot;,&quot;image_spacing_custom&quot;:{&quot;unit&quot;:&quot;px&quot;,&quot;size&quot;:40,&quot;sizes&quot;:[]},&quot;navigation&quot;:&quot;both&quot;,&quot;autoplay&quot;:&quot;yes&quot;,&quot;pause_on_hover&quot;:&quot;yes&quot;,&quot;pause_on_interaction&quot;:&quot;yes&quot;,&quot;autoplay_speed&quot;:5000,&quot;infinite&quot;:&quot;yes&quot;,&quot;speed&quot;:500,&quot;image_spacing_custom_tablet&quot;:{&quot;unit&quot;:&quot;px&quot;,&quot;size&quot;:&quot;&quot;,&quot;sizes&quot;:[]},&quot;image_spacing_custom_mobile&quot;:{&quot;unit&quot;:&quot;px&quot;,&quot;size&quot;:&quot;&quot;,&quot;sizes&quot;:[]}}\" data-widget_type=\"image-carousel.default\">\n\t\t\t\t<div class=\"elementor-widget-container\">\n\t\t\t\t\t\t\t<div class=\"elementor-image-carousel-wrapper swiper\" role=\"region\" aria-roledescription=\"carousel\" aria-label=\"Carrusel de im\u00e1genes\" dir=\"ltr\">\n\t\t\t<div class=\"elementor-image-carousel swiper-wrapper\" aria-live=\"off\">\n\t\t\t\t\t\t\t\t<div class=\"swiper-slide\" role=\"group\" aria-roledescription=\"slide\" aria-label=\"1 \u05de\u05ea\u05d5\u05da 7\"><figure class=\"swiper-slide-inner\"><img decoding=\"async\" class=\"swiper-slide-image\" src=\"https:\/\/dickstein-law.com\/wp-content\/uploads\/2025\/10\/2.png\" alt=\"2\" \/><\/figure><\/div><div class=\"swiper-slide\" role=\"group\" aria-roledescription=\"slide\" aria-label=\"2 \u05de\u05ea\u05d5\u05da 7\"><figure class=\"swiper-slide-inner\"><img decoding=\"async\" class=\"swiper-slide-image\" src=\"https:\/\/dickstein-law.com\/wp-content\/uploads\/2025\/10\/4.png\" alt=\"4\" \/><\/figure><\/div><div class=\"swiper-slide\" role=\"group\" aria-roledescription=\"slide\" aria-label=\"3 \u05de\u05ea\u05d5\u05da 7\"><figure class=\"swiper-slide-inner\"><img decoding=\"async\" class=\"swiper-slide-image\" src=\"https:\/\/dickstein-law.com\/wp-content\/uploads\/2025\/10\/8.png\" alt=\"8\" \/><\/figure><\/div><div class=\"swiper-slide\" role=\"group\" aria-roledescription=\"slide\" aria-label=\"4 \u05de\u05ea\u05d5\u05da 7\"><figure class=\"swiper-slide-inner\"><img decoding=\"async\" class=\"swiper-slide-image\" src=\"https:\/\/dickstein-law.com\/wp-content\/uploads\/2025\/10\/11.png\" alt=\"11\" \/><\/figure><\/div><div class=\"swiper-slide\" role=\"group\" aria-roledescription=\"slide\" aria-label=\"5 \u05de\u05ea\u05d5\u05da 7\"><figure class=\"swiper-slide-inner\"><img decoding=\"async\" class=\"swiper-slide-image\" src=\"https:\/\/dickstein-law.com\/wp-content\/uploads\/2025\/10\/\u05e0\u05db\u05d5\u05ea-\u05db\u05dc\u05dc\u05d9\u05ea-\u05d4\u05d7\u05de\u05e8\u05ea-\u05de\u05e6\u05d1-\u05dc\u05d0\u05d7\u05e8-\u05e9\u05e0\u05d3\u05d7\u05d4-\u05d1\u05e2\u05d1\u05e8.png\" alt=\"\u05e0\u05db\u05d5\u05ea \u05db\u05dc\u05dc\u05d9\u05ea \u05d4\u05d7\u05de\u05e8\u05ea \u05de\u05e6\u05d1 \u05dc\u05d0\u05d7\u05e8 \u05e9\u05e0\u05d3\u05d7\u05d4 \u05d1\u05e2\u05d1\u05e8\" \/><\/figure><\/div><div class=\"swiper-slide\" role=\"group\" aria-roledescription=\"slide\" aria-label=\"6 \u05de\u05ea\u05d5\u05da 7\"><figure class=\"swiper-slide-inner\"><img decoding=\"async\" class=\"swiper-slide-image\" src=\"https:\/\/dickstein-law.com\/wp-content\/uploads\/2025\/10\/6.png\" alt=\"6\" \/><\/figure><\/div><div class=\"swiper-slide\" role=\"group\" aria-roledescription=\"slide\" aria-label=\"7 \u05de\u05ea\u05d5\u05da 7\"><figure class=\"swiper-slide-inner\"><img decoding=\"async\" class=\"swiper-slide-image\" src=\"https:\/\/dickstein-law.com\/wp-content\/uploads\/2025\/10\/14.png\" alt=\"14\" \/><\/figure><\/div>\t\t\t<\/div>\n\t\t\t\t\t\t\t\t\t\t\t\t<div class=\"elementor-swiper-button elementor-swiper-button-prev\" role=\"button\" tabindex=\"0\">\n\t\t\t\t\t\t<svg aria-hidden=\"true\" class=\"e-font-icon-svg e-eicon-chevron-left\" viewbox=\"0 0 1000 1000\" xmlns=\"http:\/\/www.w3.org\/2000\/svg\"><path d=\"M646 125C629 125 613 133 604 142L308 442C296 454 292 471 292 487 292 504 296 521 308 533L604 854C617 867 629 875 646 875 663 875 679 871 692 858 704 846 713 829 713 812 713 796 708 779 692 767L438 487 692 225C700 217 708 204 708 187 708 171 704 154 692 142 675 129 663 125 646 125Z\"><\/path><\/svg>\t\t\t\t\t<\/div>\n\t\t\t\t\t<div class=\"elementor-swiper-button elementor-swiper-button-next\" role=\"button\" tabindex=\"0\">\n\t\t\t\t\t\t<svg aria-hidden=\"true\" class=\"e-font-icon-svg e-eicon-chevron-right\" viewbox=\"0 0 1000 1000\" xmlns=\"http:\/\/www.w3.org\/2000\/svg\"><path d=\"M696 533C708 521 713 504 713 487 713 471 708 454 696 446L400 146C388 133 375 125 354 125 338 125 325 129 313 142 300 154 292 171 292 187 292 204 296 221 308 233L563 492 304 771C292 783 288 800 288 817 288 833 296 850 308 863 321 871 338 875 354 875 371 875 388 867 400 854L696 533Z\"><\/path><\/svg>\t\t\t\t\t<\/div>\n\t\t\t\t\n\t\t\t\t\t\t\t\t\t<div class=\"swiper-pagination\"><\/div>\n\t\t\t\t\t\t\t\t\t<\/div>\n\t\t\t\t\t\t<\/div>\n\t\t\t\t<\/div>\n\t\t\t\t\t<\/div>\n\t\t\t\t<\/div>\n\t\t<div data-particle_enable=\"false\" data-particle-mobile-disabled=\"false\" class=\"elementor-element elementor-element-1fbf3342 elementor-hidden-desktop elementor-hidden-tablet elementor-hidden-mobile e-flex e-con-boxed e-con e-parent\" data-id=\"1fbf3342\" data-element_type=\"container\" data-settings=\"{&quot;background_background&quot;:&quot;classic&quot;}\">\n\t\t\t\t\t<div class=\"e-con-inner\">\n\t\t\t\t<div class=\"elementor-element elementor-element-7d714c4e elementor--h-position-center elementor--v-position-middle elementor-arrows-position-inside elementor-pagination-position-inside elementor-widget elementor-widget-slides\" data-id=\"7d714c4e\" data-element_type=\"widget\" data-settings=\"{&quot;navigation&quot;:&quot;both&quot;,&quot;autoplay&quot;:&quot;yes&quot;,&quot;pause_on_hover&quot;:&quot;yes&quot;,&quot;pause_on_interaction&quot;:&quot;yes&quot;,&quot;autoplay_speed&quot;:5000,&quot;infinite&quot;:&quot;yes&quot;,&quot;transition&quot;:&quot;slide&quot;,&quot;transition_speed&quot;:500}\" data-widget_type=\"slides.default\">\n\t\t\t\t<div class=\"elementor-widget-container\">\n\t\t\t\t\t\t\t\t\t<div class=\"elementor-swiper\">\n\t\t\t\t\t<div class=\"elementor-slides-wrapper elementor-main-swiper swiper\" role=\"region\" aria-roledescription=\"carousel\" aria-label=\"Slides\" dir=\"rtl\" data-animation=\"fadeInUp\">\n\t\t\t\t<div class=\"swiper-wrapper elementor-slides\">\n\t\t\t\t\t\t\t\t\t\t<div class=\"elementor-repeater-item-774b562 swiper-slide\" role=\"group\" aria-roledescription=\"slide\"><div class=\"swiper-slide-bg\"><\/div><div class=\"swiper-slide-inner\" ><div class=\"swiper-slide-contents\"><div class=\"elementor-slide-heading\">La importancia de la representaci\u00f3n de un abogado de la Seguridad Social Comit\u00e9 M\u00e9dico!<\/div><div class=\"elementor-slide-description\">Recientemente, fuimos contactados por un cliente despu\u00e9s de que \u00e9l estuvo involucrado en un accidente de trabajo debido a la inusual estr\u00e9s mental.\nEl cliente en contacto con nosotros antes de ponerse en contacto con el Instituto Nacional de Seguros para el ejercicio de sus derechos de manera independiente.\nEl Instituto Nacional de Seguros reconocido el incidente como un accidente de trabajo y el cliente posteriormente se convoc\u00f3 a un comit\u00e9 m\u00e9dico para determinar su incapacidad como resultado del accidente.\nUna Clase de Un comit\u00e9 m\u00e9dico determin\u00f3 que como resultado del accidente, el cliente se mantuvo permanentemente incapacitado en la tasa de 20%, pero desde que el cliente ten\u00eda un anterior estado mental el comit\u00e9 deducirse el 15%, de modo que como resultado del accidente, el cliente se prescribe s\u00f3lo el 5% de discapacidad, que no ofrece ninguna compensaci\u00f3n del Instituto Nacional de Seguros.\nDespu\u00e9s de nuestra oficina examin\u00f3 el material m\u00e9dico, se recomienda que el cliente archivo de un recurso de apelaci\u00f3n contra esta decisi\u00f3n err\u00f3nea.\nEl comit\u00e9 de apelaciones acept\u00f3 nuestros reclamos y establecer una tasa de discapacidad del 20% de forma permanente y se deducir\u00e1 el 5% para una afecci\u00f3n m\u00e9dica. Tambi\u00e9n activado el art\u00edculo 15 en su totalidad debido a una disminuci\u00f3n en el cliente de los ingresos despu\u00e9s de una Clase de Un comit\u00e9 no pudo hacerlo. \nPor lo que el cliente m\u00e9dica de la discapacidad se elev\u00f3 de 5% a 19%.\nComo resultado, el cliente recibi\u00f3 una indemnizaci\u00f3n de NIS 200.000 de Seguro Nacional.<\/div><\/div><\/div><\/div><div class=\"elementor-repeater-item-6feb5c5 swiper-slide\" role=\"group\" aria-roledescription=\"slide\"><div class=\"swiper-slide-bg\"><\/div><div class=\"swiper-slide-inner\" ><div class=\"swiper-slide-contents\"><div class=\"elementor-slide-heading\">Debido a la minuciosa y profesional trabajo de nuestra oficina<\/div><div class=\"elementor-slide-description\">A. Un t\u00e9cnico electricista de profesi\u00f3n, fue herido en un accidente de trabajo en su nariz, a trav\u00e9s de nuestra oficina un reclamo de Seguro Nacional. Una primera clase de la junta de m\u00e9dicos decidi\u00f3 determinar que Una ten\u00eda una discapacidad de s\u00f3lo 0%, sobre la base de que no estaba bajo supervisi\u00f3n m\u00e9dica.\n Despu\u00e9s de la presentaci\u00f3n de un recurso de apelaci\u00f3n , el Comit\u00e9 de Apelaciones acept\u00f3 nuestros reclamos y se determin\u00f3 que A. ten\u00eda un 10% de incapacidad permanente.\nComo resultado, recibi\u00f3 una indemnizaci\u00f3n en el marco de una subvenci\u00f3n \u00fanica de NIS 40,000.<\/div><\/div><\/div><\/div><div class=\"elementor-repeater-item-ebafd6f swiper-slide\" role=\"group\" aria-roledescription=\"slide\"><div class=\"swiper-slide-bg\"><\/div><div class=\"swiper-slide-inner\" ><div class=\"swiper-slide-contents\"><div class=\"elementor-slide-heading\">Seguro De Accidentes Personales Reclamaci\u00f3n<\/div><div class=\"elementor-slide-description\">M\u00e1s de 50.000 NIS de compensaci\u00f3n de seguros antes de que el estatuto de limitaciones!\n\nUna mujer que estuvo involucrado en un accidente de coche en el a\u00f1o 2019. Nos trataron en nuestra oficina como parte de un reclamo bajo la Ley de Compensaci\u00f3n para V\u00edctimas de Accidentes de tr\u00e1fico.\n\nDespu\u00e9s de completar el tratamiento, H. se le pregunt\u00f3 si ella hab\u00eda privado de las pol\u00edticas y respondi\u00f3 que ella ten\u00eda, pero no pod\u00eda recordar que la compa\u00f1\u00eda de seguros.\n\nDespu\u00e9s de una b\u00fasqueda r\u00e1pida a trav\u00e9s de la placa sitio web de Seguros, se encuentra las p\u00f3lizas de accidentes personales que estaban en el borde de la obsolescencia. (Dos semanas antes de la liberaci\u00f3n).\n\nDespu\u00e9s de una apelaci\u00f3n r\u00e1pida a la aseguradora, se acord\u00f3 que el Khat ser\u00eda examinado por un especialista que ha puesto su discapacidad en un 20 por ciento de una lesi\u00f3n en el cuello. Esta sentencia ganado H. indemnizaci\u00f3n de m\u00e1s de NIS 50,000.<\/div><\/div><\/div><\/div>\t\t\t\t<\/div>\n\t\t\t\t\t\t\t\t\t\t\t\t\t\t\t<div class=\"elementor-swiper-button elementor-swiper-button-prev\" role=\"button\" tabindex=\"0\" aria-label=\"Previous slide\">\n\t\t\t\t\t\t\t<svg aria-hidden=\"true\" class=\"e-font-icon-svg e-eicon-chevron-right\" viewbox=\"0 0 1000 1000\" xmlns=\"http:\/\/www.w3.org\/2000\/svg\"><path d=\"M696 533C708 521 713 504 713 487 713 471 708 454 696 446L400 146C388 133 375 125 354 125 338 125 325 129 313 142 300 154 292 171 292 187 292 204 296 221 308 233L563 492 304 771C292 783 288 800 288 817 288 833 296 850 308 863 321 871 338 875 354 875 371 875 388 867 400 854L696 533Z\"><\/path><\/svg>\t\t\t\t\t\t<\/div>\n\t\t\t\t\t\t<div class=\"elementor-swiper-button elementor-swiper-button-next\" role=\"button\" tabindex=\"0\" aria-label=\"Next slide\">\n\t\t\t\t\t\t\t<svg aria-hidden=\"true\" class=\"e-font-icon-svg e-eicon-chevron-left\" viewbox=\"0 0 1000 1000\" xmlns=\"http:\/\/www.w3.org\/2000\/svg\"><path d=\"M646 125C629 125 613 133 604 142L308 442C296 454 292 471 292 487 292 504 296 521 308 533L604 854C617 867 629 875 646 875 663 875 679 871 692 858 704 846 713 829 713 812 713 796 708 779 692 767L438 487 692 225C700 217 708 204 708 187 708 171 704 154 692 142 675 129 663 125 646 125Z\"><\/path><\/svg>\t\t\t\t\t\t<\/div>\n\t\t\t\t\t\t\t\t\t\t\t\t\t\t\t\t<div class=\"swiper-pagination\"><\/div>\n\t\t\t\t\t\t\t\t\t\t\t\t<\/div>\n\t\t\t\t<\/div>\n\t\t\t\t\t\t\t\t<\/div>\n\t\t\t\t<\/div>\n\t\t\t\t\t<\/div>\n\t\t\t\t<\/div>\n\t\t<div data-particle_enable=\"false\" data-particle-mobile-disabled=\"false\" class=\"elementor-element elementor-element-9e4552b e-con-full e-flex e-con e-parent\" data-id=\"9e4552b\" data-element_type=\"container\" data-settings=\"{&quot;background_background&quot;:&quot;classic&quot;}\">\n\t\t\t\t<div class=\"elementor-element elementor-element-b65c6ef elementor-widget elementor-widget-heading\" data-id=\"b65c6ef\" data-element_type=\"widget\" data-widget_type=\"heading.default\">\n\t\t\t\t<div class=\"elementor-widget-container\">\n\t\t\t\t\t<h1 class=\"elementor-heading-title elementor-size-default\">Pida una consulta<\/h1>\t\t\t\t<\/div>\n\t\t\t\t<\/div>\n\t\t\t\t<\/div>\n\t\t<div data-particle_enable=\"false\" data-particle-mobile-disabled=\"false\" class=\"elementor-element elementor-element-3cdc083b e-con-full e-flex e-con e-parent\" data-id=\"3cdc083b\" data-element_type=\"container\" data-settings=\"{&quot;background_background&quot;:&quot;classic&quot;}\">\n\t\t<div data-particle_enable=\"false\" data-particle-mobile-disabled=\"false\" class=\"elementor-element elementor-element-5516967 e-con-full e-flex e-con e-child\" data-id=\"5516967\" data-element_type=\"container\" data-settings=\"{&quot;background_background&quot;:&quot;classic&quot;}\">\n\t\t<div data-particle_enable=\"false\" data-particle-mobile-disabled=\"false\" class=\"elementor-element elementor-element-44caf42 e-con-full e-flex e-con e-child\" data-id=\"44caf42\" data-element_type=\"container\" data-settings=\"{&quot;background_background&quot;:&quot;classic&quot;}\">\n\t\t\t\t<div class=\"elementor-element elementor-element-abfff7b elementor-widget elementor-widget-heading\" data-id=\"abfff7b\" data-element_type=\"widget\" data-widget_type=\"heading.default\">\n\t\t\t\t<div class=\"elementor-widget-container\">\n\t\t\t\t\t<h1 class=\"elementor-heading-title elementor-size-default\">Contacto\n<\/h1>\t\t\t\t<\/div>\n\t\t\t\t<\/div>\n\t\t\t\t<div class=\"elementor-element elementor-element-70deb3a elementor-widget elementor-widget-heading\" data-id=\"70deb3a\" data-element_type=\"widget\" data-widget_type=\"heading.default\">\n\t\t\t\t<div class=\"elementor-widget-container\">\n\t\t\t\t\t<h2 class=\"elementor-heading-title elementor-size-default\">Tel\u00e9fono: 058-5840084<br>email: office.dicksteinadv@gmail.com<br>Horario: domingo-jueves 09:00 - 18: 00<\/h2>\t\t\t\t<\/div>\n\t\t\t\t<\/div>\n\t\t\t\t<\/div>\n\t\t<div data-particle_enable=\"false\" data-particle-mobile-disabled=\"false\" class=\"elementor-element elementor-element-ebb9a2a e-con-full e-flex e-con e-child\" data-id=\"ebb9a2a\" data-element_type=\"container\">\n\t\t\t\t<div class=\"elementor-element elementor-element-ed5bc20 elementor-button-align-start elementor-tablet-button-align-center elementor-widget elementor-widget-form\" data-id=\"ed5bc20\" data-element_type=\"widget\" data-settings=\"{&quot;step_next_label&quot;:&quot;Next&quot;,&quot;step_previous_label&quot;:&quot;Previous&quot;,&quot;button_width&quot;:&quot;100&quot;,&quot;step_type&quot;:&quot;number_text&quot;,&quot;step_icon_shape&quot;:&quot;circle&quot;}\" data-widget_type=\"form.default\">\n\t\t\t\t<div class=\"elementor-widget-container\">\n\t\t\t\t\t\t\t<form class=\"elementor-form\" method=\"post\" name=\"Contact Form\" aria-label=\"Contact Form\" action=\"\">\n\t\t\t<input type=\"hidden\" name=\"post_id\" value=\"792\"\/>\n\t\t\t<input type=\"hidden\" name=\"form_id\" value=\"ed5bc20\"\/>\n\t\t\t<input type=\"hidden\" name=\"referer_title\" value=\"casos de \u00e9xito\" \/>\n\n\t\t\t\t\t\t\t<input type=\"hidden\" name=\"queried_id\" value=\"792\"\/>\n\t\t\t\n\t\t\t<div class=\"elementor-form-fields-wrapper elementor-labels-\">\n\t\t\t\t\t\t\t\t<div class=\"elementor-field-type-text elementor-field-group elementor-column elementor-field-group-name elementor-col-50 elementor-field-required\">\n\t\t\t\t\t\t\t\t\t\t\t\t<label for=\"form-field-name\" class=\"elementor-field-label elementor-screen-only\">\n\t\t\t\t\t\t\t\tSu Nombre\t\t\t\t\t\t\t<\/label>\n\t\t\t\t\t\t\t\t\t\t\t\t\t\t<input size=\"1\" type=\"text\" name=\"form_fields[name]\" id=\"form-field-name\" class=\"elementor-field elementor-size-sm  elementor-field-textual\" placeholder=\"Su Nombre*\" required=\"required\">\n\t\t\t\t\t\t\t\t\t\t\t<\/div>\n\t\t\t\t\t\t\t\t<div class=\"elementor-field-type-text elementor-field-group elementor-column elementor-field-group-field_b743cd7 elementor-col-50 elementor-field-required\">\n\t\t\t\t\t\t\t\t\t\t\t\t<label for=\"form-field-field_b743cd7\" class=\"elementor-field-label elementor-screen-only\">\n\t\t\t\t\t\t\t\tApellido\t\t\t\t\t\t\t<\/label>\n\t\t\t\t\t\t\t\t\t\t\t\t\t\t<input size=\"1\" type=\"text\" name=\"form_fields[field_b743cd7]\" id=\"form-field-field_b743cd7\" class=\"elementor-field elementor-size-sm  elementor-field-textual\" placeholder=\"Apellido*\" required=\"required\">\n\t\t\t\t\t\t\t\t\t\t\t<\/div>\n\t\t\t\t\t\t\t\t<div class=\"elementor-field-type-tel elementor-field-group elementor-column elementor-field-group-field_6c180a9 elementor-col-50 elementor-field-required\">\n\t\t\t\t\t\t\t\t\t\t\t\t<label for=\"form-field-field_6c180a9\" class=\"elementor-field-label elementor-screen-only\">\n\t\t\t\t\t\t\t\tN\u00famero De Tel\u00e9fono\t\t\t\t\t\t\t<\/label>\n\t\t\t\t\t\t\t\t<input size=\"1\" type=\"tel\" name=\"form_fields[field_6c180a9]\" id=\"form-field-field_6c180a9\" class=\"elementor-field elementor-size-sm  elementor-field-textual\" placeholder=\"N\u00famero De Tel\u00e9fono*\" required=\"required\" pattern=\"[0-9()#&amp;+*-=.]+\" title=\"Only numbers and phone characters (#, -, *, etc) are accepted.\">\n\n\t\t\t\t\t\t<\/div>\n\t\t\t\t\t\t\t\t<div class=\"elementor-field-type-email elementor-field-group elementor-column elementor-field-group-email elementor-col-50 elementor-field-required\">\n\t\t\t\t\t\t\t\t\t\t\t\t<label for=\"form-field-email\" class=\"elementor-field-label elementor-screen-only\">\n\t\t\t\t\t\t\t\tCorreo electr\u00f3nico\t\t\t\t\t\t\t<\/label>\n\t\t\t\t\t\t\t\t\t\t\t\t\t\t<input size=\"1\" type=\"email\" name=\"form_fields[email]\" id=\"form-field-email\" class=\"elementor-field elementor-size-sm  elementor-field-textual\" placeholder=\"E-mail*\" required=\"required\">\n\t\t\t\t\t\t\t\t\t\t\t<\/div>\n\t\t\t\t\t\t\t\t<div class=\"elementor-field-type-textarea elementor-field-group elementor-column elementor-field-group-message elementor-col-100\">\n\t\t\t\t\t\t\t\t\t\t\t\t<label for=\"form-field-message\" class=\"elementor-field-label elementor-screen-only\">\n\t\t\t\t\t\t\t\tMensaje\t\t\t\t\t\t\t<\/label>\n\t\t\t\t\t\t<textarea class=\"elementor-field-textual elementor-field  elementor-size-sm\" name=\"form_fields[message]\" id=\"form-field-message\" rows=\"4\" placeholder=\"Mensaje\"><\/textarea>\t\t\t\t<\/div>\n\t\t\t\t\t\t\t\t<div class=\"elementor-field-group elementor-column elementor-field-type-submit elementor-col-100 e-form__buttons\">\n\t\t\t\t\t<button class=\"elementor-button elementor-size-sm\" type=\"submit\">\n\t\t\t\t\t\t<span class=\"elementor-button-content-wrapper\">\n\t\t\t\t\t\t\t\t\t\t\t\t\t\t\t\t\t\t\t\t\t\t<span class=\"elementor-button-text\">Enviar<\/span>\n\t\t\t\t\t\t\t\t\t\t\t\t\t<\/span>\n\t\t\t\t\t<\/button>\n\t\t\t\t<\/div>\n\t\t\t<\/div>\n\t\t<input type=\"hidden\" name=\"trp-form-language\" value=\"es\"\/><\/form>\n\t\t\t\t\t\t<\/div>\n\t\t\t\t<\/div>\n\t\t\t\t<\/div>\n\t\t\t\t<\/div>\n\t\t\t\t<\/div>\n\t\t\t\t<\/div>","protected":false},"excerpt":{"rendered":"<p>\u05e1\u05d9\u05e4\u05d5\u05e8\u05d9 \u05d4\u05e6\u05dc\u05d7\u05d4 \u05d7\u05e9\u05d9\u05d1\u05d5\u05ea \u05d9\u05d9\u05e6\u05d5\u05d2 \u05e9\u05dc \u05e2\u05d5\u05e8\u05da \u05d3\u05d9\u05df \u05d1\u05d5\u05d5\u05e2\u05d3\u05d4 \u05e8\u05e4\u05d5\u05d0\u05d9\u05ea \u05e9\u05dc \u05d4\u05d1\u05d9\u05d8\u05d5\u05d7 \u05d4\u05dc\u05d0\u05d5\u05de\u05d9!\u05dc\u05d0\u05d7\u05e8\u05d5\u05e0\u05d4 \u05e4\u05e0\u05d4 \u05d0\u05dc\u05d9\u05e0\u05d5 \u05dc\u05e7\u05d5\u05d7 \u05dc\u05d0\u05d7\u05e8 \u05e9\u05d4\u05d9\u05d4 \u05de\u05e2\u05d5\u05e8\u05d1 \u05d1\u05ea\u05d0\u05d5\u05e0\u05ea \u05e2\u05d1\u05d5\u05d3\u05d4 \u05e2\u05e7\u05d1 \u05dc\u05d7\u05e5 \u05e0\u05e4\u05e9\u05d9 \u05d7\u05e8\u05d9\u05d2. \u05d4\u05dc\u05e7\u05d5\u05d7 \u05e4\u05e0\u05d4 \u05d1\u05d8\u05e8\u05dd \u05e4\u05e0\u05d9\u05d9\u05ea\u05d5 \u05d0\u05dc\u05d9\u05e0\u05d5 \u05d0\u05dc \u05d4\u05de\u05d5\u05e1\u05d3 \u05dc\u05d1\u05d9\u05d8\u05d5\u05d7 \u05dc\u05d0\u05d5\u05de\u05d9 \u05dc\u05de\u05d9\u05e6\u05d5\u05d9 \u05d6\u05db\u05d5\u05d9\u05d5\u05ea\u05d9\u05d5 \u05d1\u05d0\u05d5\u05e4\u05df \u05e2\u05e6\u05de\u05d0\u05d9. \u05d4\u05de\u05d5\u05e1\u05d3 \u05dc\u05d1\u05d9\u05d8\u05d5\u05d7 \u05dc\u05d0\u05d5\u05de\u05d9 \u05d4\u05db\u05d9\u05e8 \u05d1\u05d0\u05d9\u05e8\u05d5\u05e2 \u05db\u05ea\u05d0\u05d5\u05e0\u05ea \u05e2\u05d1\u05d5\u05d3\u05d4 \u05d5\u05dc\u05d0\u05d7\u05e8 \u05de\u05db\u05df \u05d6\u05d5\u05de\u05df \u05d4\u05dc\u05e7\u05d5\u05d7 \u05dc\u05d5\u05d5\u05e2\u05d3\u05d4 \u05e8\u05e4\u05d5\u05d0\u05d9\u05ea \u05dc\u05e6\u05d5\u05e8\u05da \u05e7\u05d1\u05d9\u05e2\u05ea \u05e0\u05db\u05d5\u05ea\u05d5 \u05e2\u05e7\u05d1 \u05d4\u05ea\u05d0\u05d5\u05e0\u05d4. [&hellip;]<\/p>","protected":false},"author":1,"featured_media":0,"parent":0,"menu_order":0,"comment_status":"closed","ping_status":"closed","template":"","meta":{"_joinchat":[],"footnotes":""},"class_list":["post-792","page","type-page","status-publish","hentry"],"_links":{"self":[{"href":"https:\/\/dickstein-law.com\/es\/wp-json\/wp\/v2\/pages\/792","targetHints":{"allow":["GET"]}}],"collection":[{"href":"https:\/\/dickstein-law.com\/es\/wp-json\/wp\/v2\/pages"}],"about":[{"href":"https:\/\/dickstein-law.com\/es\/wp-json\/wp\/v2\/types\/page"}],"author":[{"embeddable":true,"href":"https:\/\/dickstein-law.com\/es\/wp-json\/wp\/v2\/users\/1"}],"replies":[{"embeddable":true,"href":"https:\/\/dickstein-law.com\/es\/wp-json\/wp\/v2\/comments?post=792"}],"version-history":[{"count":46,"href":"https:\/\/dickstein-law.com\/es\/wp-json\/wp\/v2\/pages\/792\/revisions"}],"predecessor-version":[{"id":1488,"href":"https:\/\/dickstein-law.com\/es\/wp-json\/wp\/v2\/pages\/792\/revisions\/1488"}],"wp:attachment":[{"href":"https:\/\/dickstein-law.com\/es\/wp-json\/wp\/v2\/media?parent=792"}],"curies":[{"name":"wp","href":"https:\/\/api.w.org\/{rel}","templated":true}]}}